{"id":130,"date":"2025-01-18T20:07:26","date_gmt":"2025-01-18T19:07:26","guid":{"rendered":"https:\/\/www.serkan-yildiz.de\/wordpress\/?page_id=130"},"modified":"2025-01-18T22:27:36","modified_gmt":"2025-01-18T21:27:36","slug":"smartscale","status":"publish","type":"page","link":"https:\/\/www.serkan-yildiz.de\/wordpress\/smartscale\/","title":{"rendered":"SmartScale"},"content":{"rendered":"\n<p>Ein Projekt, das Technologie und Gesundheit perfekt verbindet: Meine Personenwaage von eufy ist mehr als nur eine gew\u00f6hnliche Waage. Sie ist mit meinem ioBroker-Server \u00fcber die Cloud verbunden und berechnet auf Basis meines Durchschnittsgewichts der letzten 7 Tage meinen t\u00e4glichen Kalorienverbrauch.<\/p>\n\n\n\n<p>Der Ablauf in vereinfachter Form:<\/p>\n\n\n\n<p class=\"has-text-align-center\"><em>SmartScale P1 &#8211;&gt; eufy App (iPhone) &#8211;&gt; FitBit App (iPhone) &amp; Apple Health (iPhone) &#8211;&gt; FitBit Adapter (ioBroker) &#8211;&gt; Pushover Adapter (ioBroker) &#8211;&gt; Push Benachrichtigung (iPhone) <\/em><\/p>\n\n\n\n<p>Diese smarte L\u00f6sung hat mich nicht nur bei meiner Fitnessreise unterst\u00fctzt, sondern war ein echter Gamechanger: Von 104 kg habe ich es geschafft, auf 82 kg von Januar bis Oktober 2021 abzunehmen. Es zeigt, wie Technik kreativ eingesetzt werden kann, um pers\u00f6nliche Ziele zu erreichen \u2013 effizient, datenbasiert und individuell.<\/p>\n\n\n\n<p>Dieses Projekt ist der Beweis, dass smarte Technologien nicht nur n\u00fctzlich sind, sondern auch eine echte Inspiration f\u00fcr positive Ver\u00e4nderungen im Leben sein k\u00f6nnen.<\/p>\n\n\n\n<figure class=\"wp-block-gallery has-nested-images columns-default is-cropped wp-block-gallery-1 is-layout-flex wp-block-gallery-is-layout-flex\">\n<figure class=\"wp-block-image size-large is-style-default\"><img loading=\"lazy\" decoding=\"async\" width=\"1024\" height=\"1024\" data-id=\"125\" src=\"https:\/\/www.serkan-yildiz.de\/wordpress\/wp-content\/uploads\/2025\/01\/DALL\u00b7E-2025-01-18-19.49.31-An-artistic-composition-featuring-the-eufy-Smart-Scale-P1-the-ioBroker-logo-the-Fitbit-logo-and-the-JavaScript-logo.-The-eufy-Smart-Scale-P1-is-dep.webp\" alt=\"\" class=\"wp-image-125\" srcset=\"https:\/\/www.serkan-yildiz.de\/wordpress\/wp-content\/uploads\/2025\/01\/DALL\u00b7E-2025-01-18-19.49.31-An-artistic-composition-featuring-the-eufy-Smart-Scale-P1-the-ioBroker-logo-the-Fitbit-logo-and-the-JavaScript-logo.-The-eufy-Smart-Scale-P1-is-dep.webp 1024w, https:\/\/www.serkan-yildiz.de\/wordpress\/wp-content\/uploads\/2025\/01\/DALL\u00b7E-2025-01-18-19.49.31-An-artistic-composition-featuring-the-eufy-Smart-Scale-P1-the-ioBroker-logo-the-Fitbit-logo-and-the-JavaScript-logo.-The-eufy-Smart-Scale-P1-is-dep-300x300.webp 300w, https:\/\/www.serkan-yildiz.de\/wordpress\/wp-content\/uploads\/2025\/01\/DALL\u00b7E-2025-01-18-19.49.31-An-artistic-composition-featuring-the-eufy-Smart-Scale-P1-the-ioBroker-logo-the-Fitbit-logo-and-the-JavaScript-logo.-The-eufy-Smart-Scale-P1-is-dep-150x150.webp 150w, https:\/\/www.serkan-yildiz.de\/wordpress\/wp-content\/uploads\/2025\/01\/DALL\u00b7E-2025-01-18-19.49.31-An-artistic-composition-featuring-the-eufy-Smart-Scale-P1-the-ioBroker-logo-the-Fitbit-logo-and-the-JavaScript-logo.-The-eufy-Smart-Scale-P1-is-dep-768x768.webp 768w\" sizes=\"auto, (max-width: 1024px) 100vw, 1024px\" \/><\/figure>\n\n\n\n<figure class=\"wp-block-image size-large\"><img loading=\"lazy\" decoding=\"async\" width=\"559\" height=\"1024\" data-id=\"141\" src=\"https:\/\/www.serkan-yildiz.de\/wordpress\/wp-content\/uploads\/2025\/01\/smarttscale_001-559x1024.jpg\" alt=\"\" class=\"wp-image-141\" srcset=\"https:\/\/www.serkan-yildiz.de\/wordpress\/wp-content\/uploads\/2025\/01\/smarttscale_001-559x1024.jpg 559w, https:\/\/www.serkan-yildiz.de\/wordpress\/wp-content\/uploads\/2025\/01\/smarttscale_001-164x300.jpg 164w, https:\/\/www.serkan-yildiz.de\/wordpress\/wp-content\/uploads\/2025\/01\/smarttscale_001-768x1406.jpg 768w, https:\/\/www.serkan-yildiz.de\/wordpress\/wp-content\/uploads\/2025\/01\/smarttscale_001-839x1536.jpg 839w, https:\/\/www.serkan-yildiz.de\/wordpress\/wp-content\/uploads\/2025\/01\/smarttscale_001-1118x2048.jpg 1118w, https:\/\/www.serkan-yildiz.de\/wordpress\/wp-content\/uploads\/2025\/01\/smarttscale_001.jpg 1168w\" sizes=\"auto, (max-width: 559px) 100vw, 559px\" \/><figcaption class=\"wp-element-caption\">104 KG<\/figcaption><\/figure>\n\n\n\n<figure class=\"wp-block-image size-large\"><img loading=\"lazy\" decoding=\"async\" width=\"564\" height=\"1024\" data-id=\"142\" src=\"https:\/\/www.serkan-yildiz.de\/wordpress\/wp-content\/uploads\/2025\/01\/smarttscale_002-564x1024.jpg\" alt=\"\" class=\"wp-image-142\" srcset=\"https:\/\/www.serkan-yildiz.de\/wordpress\/wp-content\/uploads\/2025\/01\/smarttscale_002-564x1024.jpg 564w, https:\/\/www.serkan-yildiz.de\/wordpress\/wp-content\/uploads\/2025\/01\/smarttscale_002-165x300.jpg 165w, https:\/\/www.serkan-yildiz.de\/wordpress\/wp-content\/uploads\/2025\/01\/smarttscale_002-768x1394.jpg 768w, https:\/\/www.serkan-yildiz.de\/wordpress\/wp-content\/uploads\/2025\/01\/smarttscale_002-846x1536.jpg 846w, https:\/\/www.serkan-yildiz.de\/wordpress\/wp-content\/uploads\/2025\/01\/smarttscale_002-1128x2048.jpg 1128w, https:\/\/www.serkan-yildiz.de\/wordpress\/wp-content\/uploads\/2025\/01\/smarttscale_002.jpg 1178w\" sizes=\"auto, (max-width: 564px) 100vw, 564px\" \/><figcaption class=\"wp-element-caption\">82 KG<\/figcaption><\/figure>\n<\/figure>\n","protected":false},"excerpt":{"rendered":"<p>Ein Projekt, das Technologie und Gesundheit perfekt verbindet: Meine Personenwaage von eufy ist mehr als nur eine gew\u00f6hnliche Waage. Sie ist mit meinem ioBroker-Server \u00fcber die Cloud verbunden und berechnet auf Basis meines Durchschnittsgewichts der letzten 7 Tage meinen t\u00e4glichen Kalorienverbrauch. Der Ablauf in vereinfachter Form: SmartScale P1 &#8211;&gt; eufy App (iPhone) &#8211;&gt; FitBit App [&hellip;]<\/p>\n","protected":false},"author":1,"featured_media":0,"parent":0,"menu_order":0,"comment_status":"closed","ping_status":"closed","template":"","meta":{"footnotes":""},"class_list":["post-130","page","type-page","status-publish","hentry"],"_links":{"self":[{"href":"https:\/\/www.serkan-yildiz.de\/wordpress\/wp-json\/wp\/v2\/pages\/130","targetHints":{"allow":["GET"]}}],"collection":[{"href":"https:\/\/www.serkan-yildiz.de\/wordpress\/wp-json\/wp\/v2\/pages"}],"about":[{"href":"https:\/\/www.serkan-yildiz.de\/wordpress\/wp-json\/wp\/v2\/types\/page"}],"author":[{"embeddable":true,"href":"https:\/\/www.serkan-yildiz.de\/wordpress\/wp-json\/wp\/v2\/users\/1"}],"replies":[{"embeddable":true,"href":"https:\/\/www.serkan-yildiz.de\/wordpress\/wp-json\/wp\/v2\/comments?post=130"}],"version-history":[{"count":5,"href":"https:\/\/www.serkan-yildiz.de\/wordpress\/wp-json\/wp\/v2\/pages\/130\/revisions"}],"predecessor-version":[{"id":143,"href":"https:\/\/www.serkan-yildiz.de\/wordpress\/wp-json\/wp\/v2\/pages\/130\/revisions\/143"}],"wp:attachment":[{"href":"https:\/\/www.serkan-yildiz.de\/wordpress\/wp-json\/wp\/v2\/media?parent=130"}],"curies":[{"name":"wp","href":"https:\/\/api.w.org\/{rel}","templated":true}]}}