{"id":146,"date":"2025-01-18T22:54:17","date_gmt":"2025-01-18T21:54:17","guid":{"rendered":"https:\/\/www.serkan-yildiz.de\/wordpress\/?page_id=146"},"modified":"2025-01-18T23:21:34","modified_gmt":"2025-01-18T22:21:34","slug":"paperless-ngx","status":"publish","type":"page","link":"https:\/\/www.serkan-yildiz.de\/wordpress\/paperless-ngx\/","title":{"rendered":"Papierloses B\u00fcro"},"content":{"rendered":"\n<p><strong>Geplantes Projekt: Dokumentenmanagement mit Paperless-ngx<\/strong><\/p>\n\n\n\n<p>Ein durchdachtes Dokumentenmanagement ist in der digitalen Welt unerl\u00e4sslich \u2013 und genau hier setzt mein n\u00e4chstes Projekt an. Mit der Open-Source-Software&nbsp;<strong>Paperless-ngx<\/strong>&nbsp;plane ich eine L\u00f6sung, die den gesamten Prozess der Dokumentenverwaltung automatisiert und effizient gestaltet.<\/p>\n\n\n\n<p>Die Software wird in einem Docker-Container auf einer dedizierten VM betrieben und regelm\u00e4\u00dfig verschl\u00fcsselt auf einer externen Festplatte sowie im <strong>Hetzner Cloud Storage<\/strong>&nbsp;gesichert. So bleibt der Datenschutz gew\u00e4hrleistet, und wichtige Daten sind vor Verlust gesch\u00fctzt.<\/p>\n\n\n\n<p><strong>Wie der Prozess (m\u00f6glicherweise) abl\u00e4uft:<\/strong><\/p>\n\n\n\n<ol class=\"wp-block-list\">\n<li>Dokumente werden mit meinem&nbsp;<strong>Brother ADS-1700W<\/strong>&nbsp;Scanner gescannt \u2013 beidseitig, falls erforderlich.<\/li>\n\n\n\n<li>Die gescannten Dateien landen automatisch in einem &#8222;zu verarbeiten&#8220;-Ordner.<\/li>\n\n\n\n<li><strong>Paperless-ngx<\/strong>&nbsp;\u00fcbernimmt von hier: Es ruft die PDFs ab, verarbeitet sie mit&nbsp;<strong>OCR-Technologie<\/strong>&nbsp;(Optical Character Recognition) und analysiert den Inhalt.<\/li>\n\n\n\n<li>Basierend auf vordefinierten Regeln wie Schl\u00fcsselw\u00f6rtern, Datumserkennung oder Dokumententyp legt die Software die Dateien \u00fcbersichtlich ab \u2013 inklusive einer intelligenten Verschlagwortung f\u00fcr die einfache Suche.<\/li>\n<\/ol>\n\n\n\n<p><strong>Was macht Paperless-ngx besonders?<\/strong><\/p>\n\n\n\n<ul class=\"wp-block-list\">\n<li><strong>OCR-Funktionalit\u00e4t:<\/strong>&nbsp;Alle Texte in gescannten Dokumenten werden durchsuchbar gemacht, was die Suche und das Wiederfinden enorm erleichtert.<\/li>\n\n\n\n<li><strong>Regelbasierte Ablage:<\/strong>&nbsp;Dokumente werden automatisch organisiert und an den richtigen Speicherort verschoben, was Zeit spart.<\/li>\n\n\n\n<li><strong>Webinterface:<\/strong>&nbsp;Eine intuitive Benutzeroberfl\u00e4che erlaubt es, Dokumente schnell zu durchsuchen, anzuzeigen und zu verwalten.<\/li>\n\n\n\n<li><strong>Open-Source-Vorteile:<\/strong>&nbsp;Kosteneffizient und flexibel erweiterbar, ohne an propriet\u00e4re Systeme gebunden zu sein.<\/li>\n<\/ul>\n\n\n\n<p><strong>Die Vorteile auf einen Blick:<\/strong><br>Mit Paperless-ngx m\u00f6chte ich Papierberge endg\u00fcltig digitalisieren und die Verwaltung von Dokumenten vereinfachen. Statt Zeit mit manueller Organisation zu verschwenden, kann ich mich auf die Suche nach Informationen konzentrieren \u2013 schneller, smarter und sicher.<\/p>\n\n\n\n<p>Dieses Projekt ist f\u00fcr mich nicht nur eine technische Herausforderung, sondern auch eine Chance, die M\u00f6glichkeiten moderner Open-Source-Software voll auszusch\u00f6pfen. Ich freue mich darauf, diese L\u00f6sung bald in Betrieb zu nehmen!<\/p>\n\n\n\n<p>Weitere Infos unter <a href=\"https:\/\/docs.paperless-ngx.com\">https:\/\/docs.paperless-ngx.com<\/a><\/p>\n\n\n\n<figure class=\"wp-block-gallery has-nested-images columns-default is-cropped wp-block-gallery-1 is-layout-flex wp-block-gallery-is-layout-flex\">\n<figure class=\"wp-block-image size-large\"><img loading=\"lazy\" decoding=\"async\" width=\"600\" height=\"227\" data-id=\"149\" src=\"https:\/\/www.serkan-yildiz.de\/wordpress\/wp-content\/uploads\/2025\/01\/paperless-ngx-banner.png\" alt=\"\" class=\"wp-image-149\" srcset=\"https:\/\/www.serkan-yildiz.de\/wordpress\/wp-content\/uploads\/2025\/01\/paperless-ngx-banner.png 600w, https:\/\/www.serkan-yildiz.de\/wordpress\/wp-content\/uploads\/2025\/01\/paperless-ngx-banner-300x114.png 300w\" sizes=\"auto, (max-width: 600px) 100vw, 600px\" \/><\/figure>\n<\/figure>\n","protected":false},"excerpt":{"rendered":"<p>Geplantes Projekt: Dokumentenmanagement mit Paperless-ngx Ein durchdachtes Dokumentenmanagement ist in der digitalen Welt unerl\u00e4sslich \u2013 und genau hier setzt mein n\u00e4chstes Projekt an. Mit der Open-Source-Software&nbsp;Paperless-ngx&nbsp;plane ich eine L\u00f6sung, die den gesamten Prozess der Dokumentenverwaltung automatisiert und effizient gestaltet. Die Software wird in einem Docker-Container auf einer dedizierten VM betrieben und regelm\u00e4\u00dfig verschl\u00fcsselt auf einer [&hellip;]<\/p>\n","protected":false},"author":1,"featured_media":0,"parent":0,"menu_order":0,"comment_status":"closed","ping_status":"closed","template":"","meta":{"footnotes":""},"class_list":["post-146","page","type-page","status-publish","hentry"],"_links":{"self":[{"href":"https:\/\/www.serkan-yildiz.de\/wordpress\/wp-json\/wp\/v2\/pages\/146","targetHints":{"allow":["GET"]}}],"collection":[{"href":"https:\/\/www.serkan-yildiz.de\/wordpress\/wp-json\/wp\/v2\/pages"}],"about":[{"href":"https:\/\/www.serkan-yildiz.de\/wordpress\/wp-json\/wp\/v2\/types\/page"}],"author":[{"embeddable":true,"href":"https:\/\/www.serkan-yildiz.de\/wordpress\/wp-json\/wp\/v2\/users\/1"}],"replies":[{"embeddable":true,"href":"https:\/\/www.serkan-yildiz.de\/wordpress\/wp-json\/wp\/v2\/comments?post=146"}],"version-history":[{"count":4,"href":"https:\/\/www.serkan-yildiz.de\/wordpress\/wp-json\/wp\/v2\/pages\/146\/revisions"}],"predecessor-version":[{"id":153,"href":"https:\/\/www.serkan-yildiz.de\/wordpress\/wp-json\/wp\/v2\/pages\/146\/revisions\/153"}],"wp:attachment":[{"href":"https:\/\/www.serkan-yildiz.de\/wordpress\/wp-json\/wp\/v2\/media?parent=146"}],"curies":[{"name":"wp","href":"https:\/\/api.w.org\/{rel}","templated":true}]}}