{"id":81,"date":"2025-01-18T13:47:58","date_gmt":"2025-01-18T12:47:58","guid":{"rendered":"https:\/\/www.serkan-yildiz.de\/wordpress\/?page_id=81"},"modified":"2025-01-18T14:56:27","modified_gmt":"2025-01-18T13:56:27","slug":"smartmirror","status":"publish","type":"page","link":"https:\/\/www.serkan-yildiz.de\/wordpress\/smartmirror\/","title":{"rendered":"SmartMirror"},"content":{"rendered":"\n<p>Ein spannendes DIY-Projekt, das Technik, Kreativit\u00e4t und Handwerkskunst vereint: Ich habe einen Smart Mirror gebaut, der Funktionalit\u00e4t mit Design verbindet. Der Kern dieses Projekts ist ein ma\u00dfgefertigter Holzrahmen, der einen Spionspiegel einfasst, hinter dem ein Monitor geschickt verborgen ist. Gesteuert wird das System von einem Raspberry Pi, auf dem die vielseitige MagicMirror-Software l\u00e4uft.<\/p>\n\n\n\n<p>Zus\u00e4tzlich sorgt ein integrierter Bewegungsmelder daf\u00fcr, dass der Spiegel interaktiv wird und sich automatisch einschaltet, sobald jemand in die N\u00e4he kommt. Der Smart Mirror zeigt personalisierte Informationen wie Uhrzeit, Wetter und Nachrichten an und ist ein Beispiel daf\u00fcr, wie Technologie in den Alltag integriert werden kann \u2013 stilvoll, praktisch und innovativ<\/p>\n\n\n\n<p>Die Idee stammt nicht von mir, sondern basiert auf einem Tutorial aus dem Internet. Alle Informationen zur Software und zur Umsetzung k\u00f6nnen unter\u00a0<a href=\"https:\/\/magicmirror.builders\/\">https:\/\/magicmirror.builders<\/a>\u00a0abgerufen werden. Zus\u00e4tzliche Module, mit denen der Spiegel erweitert werden kann, sind auf GitHub unter\u00a0<a href=\"https:\/\/github.com\/MagicMirrorOrg\/MagicMirror\/wiki\/3rd-party-modules\">https:\/\/github.com\/MagicMirrorOrg\/MagicMirror\/wiki\/3rd-party-modules<\/a> zu finden.<\/p>\n\n\n\n<figure class=\"wp-block-gallery has-nested-images columns-default is-cropped wp-block-gallery-1 is-layout-flex wp-block-gallery-is-layout-flex\">\n<figure class=\"wp-block-image size-large\"><img loading=\"lazy\" decoding=\"async\" width=\"768\" height=\"1024\" data-id=\"102\" src=\"https:\/\/www.serkan-yildiz.de\/wordpress\/wp-content\/uploads\/2025\/01\/smartmirror_006-768x1024.jpg\" alt=\"\" class=\"wp-image-102\" srcset=\"https:\/\/www.serkan-yildiz.de\/wordpress\/wp-content\/uploads\/2025\/01\/smartmirror_006-768x1024.jpg 768w, https:\/\/www.serkan-yildiz.de\/wordpress\/wp-content\/uploads\/2025\/01\/smartmirror_006-225x300.jpg 225w, https:\/\/www.serkan-yildiz.de\/wordpress\/wp-content\/uploads\/2025\/01\/smartmirror_006-1152x1536.jpg 1152w, https:\/\/www.serkan-yildiz.de\/wordpress\/wp-content\/uploads\/2025\/01\/smartmirror_006-1536x2048.jpg 1536w, https:\/\/www.serkan-yildiz.de\/wordpress\/wp-content\/uploads\/2025\/01\/smartmirror_006-scaled.jpg 1920w\" sizes=\"auto, (max-width: 768px) 100vw, 768px\" \/><\/figure>\n\n\n\n<figure class=\"wp-block-image size-large\"><img loading=\"lazy\" decoding=\"async\" width=\"768\" height=\"1024\" data-id=\"107\" src=\"https:\/\/www.serkan-yildiz.de\/wordpress\/wp-content\/uploads\/2025\/01\/smartmirror_001-768x1024.jpg\" alt=\"\" class=\"wp-image-107\" srcset=\"https:\/\/www.serkan-yildiz.de\/wordpress\/wp-content\/uploads\/2025\/01\/smartmirror_001-768x1024.jpg 768w, https:\/\/www.serkan-yildiz.de\/wordpress\/wp-content\/uploads\/2025\/01\/smartmirror_001-225x300.jpg 225w, https:\/\/www.serkan-yildiz.de\/wordpress\/wp-content\/uploads\/2025\/01\/smartmirror_001-1152x1536.jpg 1152w, https:\/\/www.serkan-yildiz.de\/wordpress\/wp-content\/uploads\/2025\/01\/smartmirror_001-1536x2048.jpg 1536w, https:\/\/www.serkan-yildiz.de\/wordpress\/wp-content\/uploads\/2025\/01\/smartmirror_001-scaled.jpg 1920w\" sizes=\"auto, (max-width: 768px) 100vw, 768px\" \/><\/figure>\n\n\n\n<figure class=\"wp-block-image size-large\"><img loading=\"lazy\" decoding=\"async\" width=\"1024\" height=\"1024\" data-id=\"106\" src=\"https:\/\/www.serkan-yildiz.de\/wordpress\/wp-content\/uploads\/2025\/01\/smartmirror_002-1024x1024.jpg\" alt=\"\" class=\"wp-image-106\" srcset=\"https:\/\/www.serkan-yildiz.de\/wordpress\/wp-content\/uploads\/2025\/01\/smartmirror_002-1024x1024.jpg 1024w, https:\/\/www.serkan-yildiz.de\/wordpress\/wp-content\/uploads\/2025\/01\/smartmirror_002-300x300.jpg 300w, https:\/\/www.serkan-yildiz.de\/wordpress\/wp-content\/uploads\/2025\/01\/smartmirror_002-150x150.jpg 150w, https:\/\/www.serkan-yildiz.de\/wordpress\/wp-content\/uploads\/2025\/01\/smartmirror_002-768x768.jpg 768w, https:\/\/www.serkan-yildiz.de\/wordpress\/wp-content\/uploads\/2025\/01\/smartmirror_002-1536x1536.jpg 1536w, https:\/\/www.serkan-yildiz.de\/wordpress\/wp-content\/uploads\/2025\/01\/smartmirror_002-2048x2048.jpg 2048w\" sizes=\"auto, (max-width: 1024px) 100vw, 1024px\" \/><\/figure>\n\n\n\n<figure class=\"wp-block-image size-large\"><img loading=\"lazy\" decoding=\"async\" width=\"1024\" height=\"1024\" data-id=\"105\" src=\"https:\/\/www.serkan-yildiz.de\/wordpress\/wp-content\/uploads\/2025\/01\/smartmirror_003-1024x1024.jpg\" alt=\"\" class=\"wp-image-105\" srcset=\"https:\/\/www.serkan-yildiz.de\/wordpress\/wp-content\/uploads\/2025\/01\/smartmirror_003-1024x1024.jpg 1024w, https:\/\/www.serkan-yildiz.de\/wordpress\/wp-content\/uploads\/2025\/01\/smartmirror_003-300x300.jpg 300w, https:\/\/www.serkan-yildiz.de\/wordpress\/wp-content\/uploads\/2025\/01\/smartmirror_003-150x150.jpg 150w, https:\/\/www.serkan-yildiz.de\/wordpress\/wp-content\/uploads\/2025\/01\/smartmirror_003-768x768.jpg 768w, https:\/\/www.serkan-yildiz.de\/wordpress\/wp-content\/uploads\/2025\/01\/smartmirror_003-1536x1536.jpg 1536w, https:\/\/www.serkan-yildiz.de\/wordpress\/wp-content\/uploads\/2025\/01\/smartmirror_003-2048x2048.jpg 2048w\" sizes=\"auto, (max-width: 1024px) 100vw, 1024px\" \/><\/figure>\n\n\n\n<figure class=\"wp-block-image size-large\"><img loading=\"lazy\" decoding=\"async\" width=\"768\" height=\"1024\" data-id=\"103\" src=\"https:\/\/www.serkan-yildiz.de\/wordpress\/wp-content\/uploads\/2025\/01\/smartmirror_005-768x1024.jpg\" alt=\"\" class=\"wp-image-103\" srcset=\"https:\/\/www.serkan-yildiz.de\/wordpress\/wp-content\/uploads\/2025\/01\/smartmirror_005-768x1024.jpg 768w, https:\/\/www.serkan-yildiz.de\/wordpress\/wp-content\/uploads\/2025\/01\/smartmirror_005-225x300.jpg 225w, https:\/\/www.serkan-yildiz.de\/wordpress\/wp-content\/uploads\/2025\/01\/smartmirror_005-1152x1536.jpg 1152w, https:\/\/www.serkan-yildiz.de\/wordpress\/wp-content\/uploads\/2025\/01\/smartmirror_005-1536x2048.jpg 1536w, https:\/\/www.serkan-yildiz.de\/wordpress\/wp-content\/uploads\/2025\/01\/smartmirror_005-scaled.jpg 1920w\" sizes=\"auto, (max-width: 768px) 100vw, 768px\" \/><\/figure>\n\n\n\n<figure class=\"wp-block-image size-large\"><img loading=\"lazy\" decoding=\"async\" width=\"1024\" height=\"768\" data-id=\"111\" src=\"https:\/\/www.serkan-yildiz.de\/wordpress\/wp-content\/uploads\/2025\/01\/smartmirror_009-1024x768.jpg\" alt=\"\" class=\"wp-image-111\" srcset=\"https:\/\/www.serkan-yildiz.de\/wordpress\/wp-content\/uploads\/2025\/01\/smartmirror_009-1024x768.jpg 1024w, https:\/\/www.serkan-yildiz.de\/wordpress\/wp-content\/uploads\/2025\/01\/smartmirror_009-300x225.jpg 300w, https:\/\/www.serkan-yildiz.de\/wordpress\/wp-content\/uploads\/2025\/01\/smartmirror_009-768x576.jpg 768w, https:\/\/www.serkan-yildiz.de\/wordpress\/wp-content\/uploads\/2025\/01\/smartmirror_009-1536x1152.jpg 1536w, https:\/\/www.serkan-yildiz.de\/wordpress\/wp-content\/uploads\/2025\/01\/smartmirror_009-2048x1536.jpg 2048w\" sizes=\"auto, (max-width: 1024px) 100vw, 1024px\" \/><\/figure>\n\n\n\n<figure class=\"wp-block-image size-large\"><img loading=\"lazy\" decoding=\"async\" width=\"768\" height=\"1024\" data-id=\"110\" src=\"https:\/\/www.serkan-yildiz.de\/wordpress\/wp-content\/uploads\/2025\/01\/smartmirror_010-768x1024.jpg\" alt=\"\" class=\"wp-image-110\" srcset=\"https:\/\/www.serkan-yildiz.de\/wordpress\/wp-content\/uploads\/2025\/01\/smartmirror_010-768x1024.jpg 768w, https:\/\/www.serkan-yildiz.de\/wordpress\/wp-content\/uploads\/2025\/01\/smartmirror_010-225x300.jpg 225w, https:\/\/www.serkan-yildiz.de\/wordpress\/wp-content\/uploads\/2025\/01\/smartmirror_010-1152x1536.jpg 1152w, https:\/\/www.serkan-yildiz.de\/wordpress\/wp-content\/uploads\/2025\/01\/smartmirror_010-1536x2048.jpg 1536w, https:\/\/www.serkan-yildiz.de\/wordpress\/wp-content\/uploads\/2025\/01\/smartmirror_010-scaled.jpg 1920w\" sizes=\"auto, (max-width: 768px) 100vw, 768px\" \/><\/figure>\n\n\n\n<figure class=\"wp-block-image size-large\"><img loading=\"lazy\" decoding=\"async\" width=\"1024\" height=\"768\" data-id=\"112\" src=\"https:\/\/www.serkan-yildiz.de\/wordpress\/wp-content\/uploads\/2025\/01\/smartmirror_008-1024x768.jpg\" alt=\"\" class=\"wp-image-112\" srcset=\"https:\/\/www.serkan-yildiz.de\/wordpress\/wp-content\/uploads\/2025\/01\/smartmirror_008-1024x768.jpg 1024w, https:\/\/www.serkan-yildiz.de\/wordpress\/wp-content\/uploads\/2025\/01\/smartmirror_008-300x225.jpg 300w, https:\/\/www.serkan-yildiz.de\/wordpress\/wp-content\/uploads\/2025\/01\/smartmirror_008-768x576.jpg 768w, https:\/\/www.serkan-yildiz.de\/wordpress\/wp-content\/uploads\/2025\/01\/smartmirror_008-1536x1152.jpg 1536w, https:\/\/www.serkan-yildiz.de\/wordpress\/wp-content\/uploads\/2025\/01\/smartmirror_008-2048x1536.jpg 2048w\" sizes=\"auto, (max-width: 1024px) 100vw, 1024px\" \/><\/figure>\n\n\n\n<figure class=\"wp-block-image size-large\"><img loading=\"lazy\" decoding=\"async\" width=\"768\" height=\"1024\" data-id=\"113\" src=\"https:\/\/www.serkan-yildiz.de\/wordpress\/wp-content\/uploads\/2025\/01\/smartmirror_007-768x1024.jpg\" alt=\"\" class=\"wp-image-113\" srcset=\"https:\/\/www.serkan-yildiz.de\/wordpress\/wp-content\/uploads\/2025\/01\/smartmirror_007-768x1024.jpg 768w, https:\/\/www.serkan-yildiz.de\/wordpress\/wp-content\/uploads\/2025\/01\/smartmirror_007-225x300.jpg 225w, https:\/\/www.serkan-yildiz.de\/wordpress\/wp-content\/uploads\/2025\/01\/smartmirror_007-1152x1536.jpg 1152w, https:\/\/www.serkan-yildiz.de\/wordpress\/wp-content\/uploads\/2025\/01\/smartmirror_007-1536x2048.jpg 1536w, https:\/\/www.serkan-yildiz.de\/wordpress\/wp-content\/uploads\/2025\/01\/smartmirror_007-scaled.jpg 1920w\" sizes=\"auto, (max-width: 768px) 100vw, 768px\" \/><\/figure>\n\n\n\n<figure class=\"wp-block-image size-large\"><img loading=\"lazy\" decoding=\"async\" width=\"768\" height=\"1024\" data-id=\"109\" src=\"https:\/\/www.serkan-yildiz.de\/wordpress\/wp-content\/uploads\/2025\/01\/smartmirror_011-768x1024.jpg\" alt=\"\" class=\"wp-image-109\" srcset=\"https:\/\/www.serkan-yildiz.de\/wordpress\/wp-content\/uploads\/2025\/01\/smartmirror_011-768x1024.jpg 768w, https:\/\/www.serkan-yildiz.de\/wordpress\/wp-content\/uploads\/2025\/01\/smartmirror_011-225x300.jpg 225w, https:\/\/www.serkan-yildiz.de\/wordpress\/wp-content\/uploads\/2025\/01\/smartmirror_011-1152x1536.jpg 1152w, https:\/\/www.serkan-yildiz.de\/wordpress\/wp-content\/uploads\/2025\/01\/smartmirror_011-1536x2048.jpg 1536w, https:\/\/www.serkan-yildiz.de\/wordpress\/wp-content\/uploads\/2025\/01\/smartmirror_011-scaled.jpg 1920w\" sizes=\"auto, (max-width: 768px) 100vw, 768px\" \/><\/figure>\n\n\n\n<figure class=\"wp-block-image size-large\"><img loading=\"lazy\" decoding=\"async\" width=\"768\" height=\"1024\" data-id=\"108\" src=\"https:\/\/www.serkan-yildiz.de\/wordpress\/wp-content\/uploads\/2025\/01\/smartmirror_012-768x1024.jpg\" alt=\"\" class=\"wp-image-108\" srcset=\"https:\/\/www.serkan-yildiz.de\/wordpress\/wp-content\/uploads\/2025\/01\/smartmirror_012-768x1024.jpg 768w, https:\/\/www.serkan-yildiz.de\/wordpress\/wp-content\/uploads\/2025\/01\/smartmirror_012-225x300.jpg 225w, https:\/\/www.serkan-yildiz.de\/wordpress\/wp-content\/uploads\/2025\/01\/smartmirror_012-1152x1536.jpg 1152w, https:\/\/www.serkan-yildiz.de\/wordpress\/wp-content\/uploads\/2025\/01\/smartmirror_012-1536x2048.jpg 1536w, https:\/\/www.serkan-yildiz.de\/wordpress\/wp-content\/uploads\/2025\/01\/smartmirror_012-scaled.jpg 1920w\" sizes=\"auto, (max-width: 768px) 100vw, 768px\" \/><\/figure>\n\n\n\n<figure class=\"wp-block-image size-large\"><img loading=\"lazy\" decoding=\"async\" width=\"768\" height=\"1024\" data-id=\"104\" src=\"https:\/\/www.serkan-yildiz.de\/wordpress\/wp-content\/uploads\/2025\/01\/smartmirror_004-768x1024.jpg\" alt=\"\" class=\"wp-image-104\" srcset=\"https:\/\/www.serkan-yildiz.de\/wordpress\/wp-content\/uploads\/2025\/01\/smartmirror_004-768x1024.jpg 768w, https:\/\/www.serkan-yildiz.de\/wordpress\/wp-content\/uploads\/2025\/01\/smartmirror_004-225x300.jpg 225w, https:\/\/www.serkan-yildiz.de\/wordpress\/wp-content\/uploads\/2025\/01\/smartmirror_004-1152x1536.jpg 1152w, https:\/\/www.serkan-yildiz.de\/wordpress\/wp-content\/uploads\/2025\/01\/smartmirror_004-1536x2048.jpg 1536w, https:\/\/www.serkan-yildiz.de\/wordpress\/wp-content\/uploads\/2025\/01\/smartmirror_004-scaled.jpg 1920w\" sizes=\"auto, (max-width: 768px) 100vw, 768px\" \/><\/figure>\n<\/figure>\n","protected":false},"excerpt":{"rendered":"<p>Ein spannendes DIY-Projekt, das Technik, Kreativit\u00e4t und Handwerkskunst vereint: Ich habe einen Smart Mirror gebaut, der Funktionalit\u00e4t mit Design verbindet. Der Kern dieses Projekts ist ein ma\u00dfgefertigter Holzrahmen, der einen Spionspiegel einfasst, hinter dem ein Monitor geschickt verborgen ist. Gesteuert wird das System von einem Raspberry Pi, auf dem die vielseitige MagicMirror-Software l\u00e4uft. Zus\u00e4tzlich sorgt [&hellip;]<\/p>\n","protected":false},"author":1,"featured_media":0,"parent":0,"menu_order":0,"comment_status":"closed","ping_status":"closed","template":"","meta":{"footnotes":""},"class_list":["post-81","page","type-page","status-publish","hentry"],"_links":{"self":[{"href":"https:\/\/www.serkan-yildiz.de\/wordpress\/wp-json\/wp\/v2\/pages\/81","targetHints":{"allow":["GET"]}}],"collection":[{"href":"https:\/\/www.serkan-yildiz.de\/wordpress\/wp-json\/wp\/v2\/pages"}],"about":[{"href":"https:\/\/www.serkan-yildiz.de\/wordpress\/wp-json\/wp\/v2\/types\/page"}],"author":[{"embeddable":true,"href":"https:\/\/www.serkan-yildiz.de\/wordpress\/wp-json\/wp\/v2\/users\/1"}],"replies":[{"embeddable":true,"href":"https:\/\/www.serkan-yildiz.de\/wordpress\/wp-json\/wp\/v2\/comments?post=81"}],"version-history":[{"count":6,"href":"https:\/\/www.serkan-yildiz.de\/wordpress\/wp-json\/wp\/v2\/pages\/81\/revisions"}],"predecessor-version":[{"id":118,"href":"https:\/\/www.serkan-yildiz.de\/wordpress\/wp-json\/wp\/v2\/pages\/81\/revisions\/118"}],"wp:attachment":[{"href":"https:\/\/www.serkan-yildiz.de\/wordpress\/wp-json\/wp\/v2\/media?parent=81"}],"curies":[{"name":"wp","href":"https:\/\/api.w.org\/{rel}","templated":true}]}}